{"id":16487,"date":"2022-07-25T11:51:53","date_gmt":"2022-07-25T09:51:53","guid":{"rendered":"https:\/\/inmoclinc.com\/?page_id=16487"},"modified":"2022-11-04T15:14:51","modified_gmt":"2022-11-04T14:14:51","slug":"llave_en_mano","status":"publish","type":"page","link":"https:\/\/inmoclinc.com\/en\/llave_en_mano\/","title":{"rendered":"Nuestros proyectos"},"content":{"rendered":"\t\t<div data-elementor-type=\"wp-page\" data-elementor-id=\"16487\" class=\"elementor elementor-16487\" data-elementor-post-type=\"page\">\n\t\t\t\t\t\t<section class=\"elementor-section elementor-top-section elementor-element elementor-element-516c324 elementor-section-height-min-height elementor-section-items-stretch elementor-section-content-middle elementor-section-boxed elementor-section-height-default\" data-id=\"516c324\" data-element_type=\"section\" data-e-type=\"section\" data-settings=\"{&quot;background_background&quot;:&quot;classic&quot;}\">\n\t\t\t\t\t\t<div class=\"elementor-container elementor-column-gap-default\">\n\t\t\t\t\t<div class=\"elementor-column elementor-col-50 elementor-top-column elementor-element elementor-element-57e21e2\" data-id=\"57e21e2\" data-element_type=\"column\" data-e-type=\"column\" data-settings=\"{&quot;background_background&quot;:&quot;classic&quot;}\">\n\t\t\t<div class=\"elementor-widget-wrap elementor-element-populated\">\n\t\t\t\t\t\t<div class=\"elementor-element elementor-element-3c97307 elementor-invisible elementor-widget elementor-widget-heading\" data-id=\"3c97307\" data-element_type=\"widget\" data-e-type=\"widget\" data-settings=\"{&quot;_animation&quot;:&quot;fadeIn&quot;}\" data-widget_type=\"heading.default\">\n\t\t\t\t<div class=\"elementor-widget-container\">\n\t\t\t\t\t<h2 class=\"elementor-heading-title elementor-size-default\">Nuestros proyectos<\/h2>\t\t\t\t<\/div>\n\t\t\t\t<\/div>\n\t\t\t\t<div class=\"elementor-element elementor-element-a9e2118 elementor-invisible elementor-widget elementor-widget-text-editor\" data-id=\"a9e2118\" data-element_type=\"widget\" data-e-type=\"widget\" data-settings=\"{&quot;_animation&quot;:&quot;fadeInUp&quot;,&quot;_animation_delay&quot;:400}\" data-widget_type=\"text-editor.default\">\n\t\t\t\t<div class=\"elementor-widget-container\">\n\t\t\t\t\t\t\t\t\t<div class=\"\">En Inmoclinc desde el principio decidimos proporcionar soluciones a las necesidades de nuestros clientes. Asumimos como propios los objetivos de nuestros clientes\u00a0 y nos preocupamos de asesorarle en todas sus decisiones, desde la adquisici\u00f3n de un simple producto: carros, sillones, taburetes, camillas&#8230; hasta la configuraci\u00f3n o equipaci\u00f3n m\u00e1s compleja: Consultas de todas las disciplinas (m\u00e9dicas, ginecol\u00f3gicas, urol\u00f3gicas, cardiolog\u00eda,&#8230;)\u00a0 salas de espera, extracciones, quir\u00f3fanos, farmacia, di\u00e1lisis, etc.\u00a0<\/div><div class=\"\">Dise\u00f1amos, fabricamos y servimos a cualquier parte del mundo.<\/div>\t\t\t\t\t\t\t\t<\/div>\n\t\t\t\t<\/div>\n\t\t\t\t\t<\/div>\n\t\t<\/div>\n\t\t\t\t<div class=\"elementor-column elementor-col-50 elementor-top-column elementor-element elementor-element-9746a40\" data-id=\"9746a40\" data-element_type=\"column\" data-e-type=\"column\">\n\t\t\t<div class=\"elementor-widget-wrap elementor-element-populated\">\n\t\t\t\t\t\t<div class=\"elementor-element elementor-element-58f2c6c elementor-widget elementor-widget-image\" data-id=\"58f2c6c\" data-element_type=\"widget\" data-e-type=\"widget\" data-widget_type=\"image.default\">\n\t\t\t\t<div class=\"elementor-widget-container\">\n\t\t\t\t\t\t\t\t\t\t\t\t\t\t\t<img fetchpriority=\"high\" decoding=\"async\" width=\"450\" height=\"418\" src=\"https:\/\/inmoclinc.com\/wp-content\/uploads\/llave-en-mano2-450x418.png\" class=\"attachment-medium size-medium wp-image-16490\" alt=\"\" srcset=\"https:\/\/inmoclinc.com\/wp-content\/uploads\/llave-en-mano2-450x418.png 450w, https:\/\/inmoclinc.com\/wp-content\/uploads\/llave-en-mano2.png 654w\" sizes=\"(max-width: 450px) 100vw, 450px\" \/>\t\t\t\t\t\t\t\t\t\t\t\t\t\t\t<\/div>\n\t\t\t\t<\/div>\n\t\t\t\t\t<\/div>\n\t\t<\/div>\n\t\t\t\t\t<\/div>\n\t\t<\/section>\n\t\t\t\t<section class=\"elementor-section elementor-top-section elementor-element elementor-element-138ba6f elementor-section-boxed elementor-section-height-default elementor-section-height-default\" data-id=\"138ba6f\" data-element_type=\"section\" data-e-type=\"section\">\n\t\t\t\t\t\t<div class=\"elementor-container elementor-column-gap-default\">\n\t\t\t\t\t<div class=\"elementor-column elementor-col-100 elementor-top-column elementor-element elementor-element-887ca7b\" data-id=\"887ca7b\" data-element_type=\"column\" data-e-type=\"column\">\n\t\t\t<div class=\"elementor-widget-wrap elementor-element-populated\">\n\t\t\t\t\t\t<div class=\"elementor-element elementor-element-0e260fc elementor-widget elementor-widget-gallery\" data-id=\"0e260fc\" data-element_type=\"widget\" data-e-type=\"widget\" data-settings=\"{&quot;gallery_layout&quot;:&quot;justified&quot;,&quot;ideal_row_height&quot;:{&quot;unit&quot;:&quot;px&quot;,&quot;size&quot;:450,&quot;sizes&quot;:[]},&quot;gap&quot;:{&quot;unit&quot;:&quot;px&quot;,&quot;size&quot;:16,&quot;sizes&quot;:[]},&quot;lazyload&quot;:&quot;yes&quot;,&quot;ideal_row_height_tablet&quot;:{&quot;unit&quot;:&quot;px&quot;,&quot;size&quot;:150,&quot;sizes&quot;:[]},&quot;ideal_row_height_mobile&quot;:{&quot;unit&quot;:&quot;px&quot;,&quot;size&quot;:150,&quot;sizes&quot;:[]},&quot;gap_tablet&quot;:{&quot;unit&quot;:&quot;px&quot;,&quot;size&quot;:10,&quot;sizes&quot;:[]},&quot;gap_mobile&quot;:{&quot;unit&quot;:&quot;px&quot;,&quot;size&quot;:10,&quot;sizes&quot;:[]},&quot;link_to&quot;:&quot;file&quot;,&quot;overlay_background&quot;:&quot;yes&quot;,&quot;content_hover_animation&quot;:&quot;fade-in&quot;}\" data-widget_type=\"gallery.default\">\n\t\t\t\t<div class=\"elementor-widget-container\">\n\t\t\t\t\t\t\t<div class=\"elementor-gallery__container\">\n\t\t\t\t\t\t\t<a class=\"e-gallery-item elementor-gallery-item elementor-animated-content\" href=\"https:\/\/inmoclinc.com\/wp-content\/uploads\/toledo-3-1-scaled.jpg\" data-elementor-open-lightbox=\"yes\" data-elementor-lightbox-slideshow=\"0e260fc\" data-e-action-hash=\"#elementor-action%3Aaction%3Dlightbox%26settings%3DeyJpZCI6MTY0MzcsInVybCI6Imh0dHBzOlwvXC9pbm1vY2xpbmMuY29tXC93cC1jb250ZW50XC91cGxvYWRzXC90b2xlZG8tMy0xLXNjYWxlZC5qcGciLCJzbGlkZXNob3ciOiIwZTI2MGZjIn0%3D\">\n\t\t\t\t\t<div class=\"e-gallery-image elementor-gallery-item__image\" data-thumbnail=\"https:\/\/inmoclinc.com\/wp-content\/uploads\/toledo-3-1-768x544.jpg\" data-width=\"768\" data-height=\"544\" aria-label=\"\" role=\"img\" ><\/div>\n\t\t\t\t\t\t\t\t\t\t\t<div class=\"elementor-gallery-item__overlay\"><\/div>\n\t\t\t\t\t\t\t\t\t\t\t\t\t\t<\/a>\n\t\t\t\t\t\t\t<a class=\"e-gallery-item elementor-gallery-item elementor-animated-content\" href=\"https:\/\/inmoclinc.com\/wp-content\/uploads\/hospital-2-1-scaled.jpg\" data-elementor-open-lightbox=\"yes\" data-elementor-lightbox-slideshow=\"0e260fc\" data-e-action-hash=\"#elementor-action%3Aaction%3Dlightbox%26settings%3DeyJpZCI6MTY0NTcsInVybCI6Imh0dHBzOlwvXC9pbm1vY2xpbmMuY29tXC93cC1jb250ZW50XC91cGxvYWRzXC9ob3NwaXRhbC0yLTEtc2NhbGVkLmpwZyIsInNsaWRlc2hvdyI6IjBlMjYwZmMifQ%3D%3D\">\n\t\t\t\t\t<div class=\"e-gallery-image elementor-gallery-item__image\" data-thumbnail=\"https:\/\/inmoclinc.com\/wp-content\/uploads\/hospital-2-1-768x1242.jpg\" data-width=\"768\" data-height=\"1242\" aria-label=\"\" role=\"img\" ><\/div>\n\t\t\t\t\t\t\t\t\t\t\t<div class=\"elementor-gallery-item__overlay\"><\/div>\n\t\t\t\t\t\t\t\t\t\t\t\t\t\t<\/a>\n\t\t\t\t\t\t\t<a class=\"e-gallery-item elementor-gallery-item elementor-animated-content\" href=\"https:\/\/inmoclinc.com\/wp-content\/uploads\/azul-de-3-1-scaled.jpg\" data-elementor-open-lightbox=\"yes\" data-elementor-lightbox-slideshow=\"0e260fc\" data-e-action-hash=\"#elementor-action%3Aaction%3Dlightbox%26settings%3DeyJpZCI6MTY0NTUsInVybCI6Imh0dHBzOlwvXC9pbm1vY2xpbmMuY29tXC93cC1jb250ZW50XC91cGxvYWRzXC9henVsLWRlLTMtMS1zY2FsZWQuanBnIiwic2xpZGVzaG93IjoiMGUyNjBmYyJ9\">\n\t\t\t\t\t<div class=\"e-gallery-image elementor-gallery-item__image\" data-thumbnail=\"https:\/\/inmoclinc.com\/wp-content\/uploads\/azul-de-3-1-768x676.jpg\" data-width=\"768\" data-height=\"676\" aria-label=\"\" role=\"img\" ><\/div>\n\t\t\t\t\t\t\t\t\t\t\t<div class=\"elementor-gallery-item__overlay\"><\/div>\n\t\t\t\t\t\t\t\t\t\t\t\t\t\t<\/a>\n\t\t\t\t\t\t\t<a class=\"e-gallery-item elementor-gallery-item elementor-animated-content\" href=\"https:\/\/inmoclinc.com\/wp-content\/uploads\/toledo-8-1-scaled.jpg\" data-elementor-open-lightbox=\"yes\" data-elementor-lightbox-slideshow=\"0e260fc\" data-e-action-hash=\"#elementor-action%3Aaction%3Dlightbox%26settings%3DeyJpZCI6MTY0MzUsInVybCI6Imh0dHBzOlwvXC9pbm1vY2xpbmMuY29tXC93cC1jb250ZW50XC91cGxvYWRzXC90b2xlZG8tOC0xLXNjYWxlZC5qcGciLCJzbGlkZXNob3ciOiIwZTI2MGZjIn0%3D\">\n\t\t\t\t\t<div class=\"e-gallery-image elementor-gallery-item__image\" data-thumbnail=\"https:\/\/inmoclinc.com\/wp-content\/uploads\/toledo-8-1-768x1082.jpg\" data-width=\"768\" data-height=\"1082\" aria-label=\"\" role=\"img\" ><\/div>\n\t\t\t\t\t\t\t\t\t\t\t<div class=\"elementor-gallery-item__overlay\"><\/div>\n\t\t\t\t\t\t\t\t\t\t\t\t\t\t<\/a>\n\t\t\t\t\t\t\t<a class=\"e-gallery-item elementor-gallery-item elementor-animated-content\" href=\"https:\/\/inmoclinc.com\/wp-content\/uploads\/toledo-7-1-scaled.jpg\" data-elementor-open-lightbox=\"yes\" data-elementor-lightbox-slideshow=\"0e260fc\" data-e-action-hash=\"#elementor-action%3Aaction%3Dlightbox%26settings%3DeyJpZCI6MTY0NDksInVybCI6Imh0dHBzOlwvXC9pbm1vY2xpbmMuY29tXC93cC1jb250ZW50XC91cGxvYWRzXC90b2xlZG8tNy0xLXNjYWxlZC5qcGciLCJzbGlkZXNob3ciOiIwZTI2MGZjIn0%3D\">\n\t\t\t\t\t<div class=\"e-gallery-image elementor-gallery-item__image\" data-thumbnail=\"https:\/\/inmoclinc.com\/wp-content\/uploads\/toledo-7-1-768x519.jpg\" data-width=\"768\" data-height=\"519\" aria-label=\"\" role=\"img\" ><\/div>\n\t\t\t\t\t\t\t\t\t\t\t<div class=\"elementor-gallery-item__overlay\"><\/div>\n\t\t\t\t\t\t\t\t\t\t\t\t\t\t<\/a>\n\t\t\t\t\t\t\t<a class=\"e-gallery-item elementor-gallery-item elementor-animated-content\" href=\"https:\/\/inmoclinc.com\/wp-content\/uploads\/toledo-1-1-scaled.jpg\" data-elementor-open-lightbox=\"yes\" data-elementor-lightbox-slideshow=\"0e260fc\" data-e-action-hash=\"#elementor-action%3Aaction%3Dlightbox%26settings%3DeyJpZCI6MTY0NTEsInVybCI6Imh0dHBzOlwvXC9pbm1vY2xpbmMuY29tXC93cC1jb250ZW50XC91cGxvYWRzXC90b2xlZG8tMS0xLXNjYWxlZC5qcGciLCJzbGlkZXNob3ciOiIwZTI2MGZjIn0%3D\">\n\t\t\t\t\t<div class=\"e-gallery-image elementor-gallery-item__image\" data-thumbnail=\"https:\/\/inmoclinc.com\/wp-content\/uploads\/toledo-1-1-768x624.jpg\" data-width=\"768\" data-height=\"624\" aria-label=\"\" role=\"img\" ><\/div>\n\t\t\t\t\t\t\t\t\t\t\t<div class=\"elementor-gallery-item__overlay\"><\/div>\n\t\t\t\t\t\t\t\t\t\t\t\t\t\t<\/a>\n\t\t\t\t\t\t\t<a class=\"e-gallery-item elementor-gallery-item elementor-animated-content\" href=\"https:\/\/inmoclinc.com\/wp-content\/uploads\/toledo-2-1-scaled.jpg\" data-elementor-open-lightbox=\"yes\" data-elementor-lightbox-slideshow=\"0e260fc\" data-e-action-hash=\"#elementor-action%3Aaction%3Dlightbox%26settings%3DeyJpZCI6MTY0NTMsInVybCI6Imh0dHBzOlwvXC9pbm1vY2xpbmMuY29tXC93cC1jb250ZW50XC91cGxvYWRzXC90b2xlZG8tMi0xLXNjYWxlZC5qcGciLCJzbGlkZXNob3ciOiIwZTI2MGZjIn0%3D\">\n\t\t\t\t\t<div class=\"e-gallery-image elementor-gallery-item__image\" data-thumbnail=\"https:\/\/inmoclinc.com\/wp-content\/uploads\/toledo-2-1-768x560.jpg\" data-width=\"768\" data-height=\"560\" aria-label=\"\" role=\"img\" ><\/div>\n\t\t\t\t\t\t\t\t\t\t\t<div class=\"elementor-gallery-item__overlay\"><\/div>\n\t\t\t\t\t\t\t\t\t\t\t\t\t\t<\/a>\n\t\t\t\t\t\t\t<a class=\"e-gallery-item elementor-gallery-item elementor-animated-content\" href=\"https:\/\/inmoclinc.com\/wp-content\/uploads\/portfolio5.png\" data-elementor-open-lightbox=\"yes\" data-elementor-lightbox-slideshow=\"0e260fc\" data-e-action-hash=\"#elementor-action%3Aaction%3Dlightbox%26settings%3DeyJpZCI6MTY0NDUsInVybCI6Imh0dHBzOlwvXC9pbm1vY2xpbmMuY29tXC93cC1jb250ZW50XC91cGxvYWRzXC9wb3J0Zm9saW81LnBuZyIsInNsaWRlc2hvdyI6IjBlMjYwZmMifQ%3D%3D\">\n\t\t\t\t\t<div class=\"e-gallery-image elementor-gallery-item__image\" data-thumbnail=\"https:\/\/inmoclinc.com\/wp-content\/uploads\/portfolio5-768x376.png\" data-width=\"768\" data-height=\"376\" aria-label=\"\" role=\"img\" ><\/div>\n\t\t\t\t\t\t\t\t\t\t\t<div class=\"elementor-gallery-item__overlay\"><\/div>\n\t\t\t\t\t\t\t\t\t\t\t\t\t\t<\/a>\n\t\t\t\t\t\t\t<a class=\"e-gallery-item elementor-gallery-item elementor-animated-content\" href=\"https:\/\/inmoclinc.com\/wp-content\/uploads\/portfolio2.png\" data-elementor-open-lightbox=\"yes\" data-elementor-lightbox-slideshow=\"0e260fc\" data-e-action-hash=\"#elementor-action%3Aaction%3Dlightbox%26settings%3DeyJpZCI6MTY0NjMsInVybCI6Imh0dHBzOlwvXC9pbm1vY2xpbmMuY29tXC93cC1jb250ZW50XC91cGxvYWRzXC9wb3J0Zm9saW8yLnBuZyIsInNsaWRlc2hvdyI6IjBlMjYwZmMifQ%3D%3D\">\n\t\t\t\t\t<div class=\"e-gallery-image elementor-gallery-item__image\" data-thumbnail=\"https:\/\/inmoclinc.com\/wp-content\/uploads\/portfolio2.png\" data-width=\"709\" data-height=\"808\" aria-label=\"\" role=\"img\" ><\/div>\n\t\t\t\t\t\t\t\t\t\t\t<div class=\"elementor-gallery-item__overlay\"><\/div>\n\t\t\t\t\t\t\t\t\t\t\t\t\t\t<\/a>\n\t\t\t\t\t\t\t<a class=\"e-gallery-item elementor-gallery-item elementor-animated-content\" href=\"https:\/\/inmoclinc.com\/wp-content\/uploads\/mueble-cestero-1-scaled.jpg\" data-elementor-open-lightbox=\"yes\" data-elementor-lightbox-slideshow=\"0e260fc\" data-e-action-hash=\"#elementor-action%3Aaction%3Dlightbox%26settings%3DeyJpZCI6MTY0NTksInVybCI6Imh0dHBzOlwvXC9pbm1vY2xpbmMuY29tXC93cC1jb250ZW50XC91cGxvYWRzXC9tdWVibGUtY2VzdGVyby0xLXNjYWxlZC5qcGciLCJzbGlkZXNob3ciOiIwZTI2MGZjIn0%3D\">\n\t\t\t\t\t<div class=\"e-gallery-image elementor-gallery-item__image\" data-thumbnail=\"https:\/\/inmoclinc.com\/wp-content\/uploads\/mueble-cestero-1-768x615.jpg\" data-width=\"768\" data-height=\"615\" aria-label=\"\" role=\"img\" ><\/div>\n\t\t\t\t\t\t\t\t\t\t\t<div class=\"elementor-gallery-item__overlay\"><\/div>\n\t\t\t\t\t\t\t\t\t\t\t\t\t\t<\/a>\n\t\t\t\t\t\t\t<a class=\"e-gallery-item elementor-gallery-item elementor-animated-content\" href=\"https:\/\/inmoclinc.com\/wp-content\/uploads\/toledo-9-1-scaled.jpg\" data-elementor-open-lightbox=\"yes\" data-elementor-lightbox-slideshow=\"0e260fc\" data-e-action-hash=\"#elementor-action%3Aaction%3Dlightbox%26settings%3DeyJpZCI6MTY0NDEsInVybCI6Imh0dHBzOlwvXC9pbm1vY2xpbmMuY29tXC93cC1jb250ZW50XC91cGxvYWRzXC90b2xlZG8tOS0xLXNjYWxlZC5qcGciLCJzbGlkZXNob3ciOiIwZTI2MGZjIn0%3D\">\n\t\t\t\t\t<div class=\"e-gallery-image elementor-gallery-item__image\" data-thumbnail=\"https:\/\/inmoclinc.com\/wp-content\/uploads\/toledo-9-1-768x966.jpg\" data-width=\"768\" data-height=\"966\" aria-label=\"\" role=\"img\" ><\/div>\n\t\t\t\t\t\t\t\t\t\t\t<div class=\"elementor-gallery-item__overlay\"><\/div>\n\t\t\t\t\t\t\t\t\t\t\t\t\t\t<\/a>\n\t\t\t\t\t\t\t<a class=\"e-gallery-item elementor-gallery-item elementor-animated-content\" href=\"https:\/\/inmoclinc.com\/wp-content\/uploads\/portfolio1.png\" data-elementor-open-lightbox=\"yes\" data-elementor-lightbox-slideshow=\"0e260fc\" data-e-action-hash=\"#elementor-action%3Aaction%3Dlightbox%26settings%3DeyJpZCI6MTY0MzEsInVybCI6Imh0dHBzOlwvXC9pbm1vY2xpbmMuY29tXC93cC1jb250ZW50XC91cGxvYWRzXC9wb3J0Zm9saW8xLnBuZyIsInNsaWRlc2hvdyI6IjBlMjYwZmMifQ%3D%3D\">\n\t\t\t\t\t<div class=\"e-gallery-image elementor-gallery-item__image\" data-thumbnail=\"https:\/\/inmoclinc.com\/wp-content\/uploads\/portfolio1-768x591.png\" data-width=\"768\" data-height=\"591\" aria-label=\"\" role=\"img\" ><\/div>\n\t\t\t\t\t\t\t\t\t\t\t<div class=\"elementor-gallery-item__overlay\"><\/div>\n\t\t\t\t\t\t\t\t\t\t\t\t\t\t<\/a>\n\t\t\t\t\t\t\t<a class=\"e-gallery-item elementor-gallery-item elementor-animated-content\" href=\"https:\/\/inmoclinc.com\/wp-content\/uploads\/toledo-10-1-scaled.jpg\" data-elementor-open-lightbox=\"yes\" data-elementor-lightbox-slideshow=\"0e260fc\" data-e-action-hash=\"#elementor-action%3Aaction%3Dlightbox%26settings%3DeyJpZCI6MTY0MzksInVybCI6Imh0dHBzOlwvXC9pbm1vY2xpbmMuY29tXC93cC1jb250ZW50XC91cGxvYWRzXC90b2xlZG8tMTAtMS1zY2FsZWQuanBnIiwic2xpZGVzaG93IjoiMGUyNjBmYyJ9\">\n\t\t\t\t\t<div class=\"e-gallery-image elementor-gallery-item__image\" data-thumbnail=\"https:\/\/inmoclinc.com\/wp-content\/uploads\/toledo-10-1-768x532.jpg\" data-width=\"768\" data-height=\"532\" aria-label=\"\" role=\"img\" ><\/div>\n\t\t\t\t\t\t\t\t\t\t\t<div class=\"elementor-gallery-item__overlay\"><\/div>\n\t\t\t\t\t\t\t\t\t\t\t\t\t\t<\/a>\n\t\t\t\t\t<\/div>\n\t\t\t\t\t<\/div>\n\t\t\t\t<\/div>\n\t\t\t\t\t<\/div>\n\t\t<\/div>\n\t\t\t\t\t<\/div>\n\t\t<\/section>\n\t\t\t\t<\/div>\n\t\t","protected":false},"excerpt":{"rendered":"<p>Nuestros proyectos En Inmoclinc desde el principio decidimos proporcionar soluciones a las necesidades de nuestros clientes. Asumimos como propios los objetivos de nuestros clientes\u00a0 y nos preocupamos de asesorarle en todas sus decisiones, desde la adquisici\u00f3n de un simple producto: carros, sillones, taburetes, camillas&#8230; hasta la configuraci\u00f3n o equipaci\u00f3n m\u00e1s compleja: Consultas de todas las [&hellip;]<\/p>\n","protected":false},"author":1,"featured_media":0,"parent":0,"menu_order":0,"comment_status":"closed","ping_status":"closed","template":"elementor_header_footer","meta":{"footnotes":""},"class_list":["post-16487","page","type-page","status-publish","hentry"],"_links":{"self":[{"href":"https:\/\/inmoclinc.com\/en\/wp-json\/wp\/v2\/pages\/16487","targetHints":{"allow":["GET"]}}],"collection":[{"href":"https:\/\/inmoclinc.com\/en\/wp-json\/wp\/v2\/pages"}],"about":[{"href":"https:\/\/inmoclinc.com\/en\/wp-json\/wp\/v2\/types\/page"}],"author":[{"embeddable":true,"href":"https:\/\/inmoclinc.com\/en\/wp-json\/wp\/v2\/users\/1"}],"replies":[{"embeddable":true,"href":"https:\/\/inmoclinc.com\/en\/wp-json\/wp\/v2\/comments?post=16487"}],"version-history":[{"count":38,"href":"https:\/\/inmoclinc.com\/en\/wp-json\/wp\/v2\/pages\/16487\/revisions"}],"predecessor-version":[{"id":17392,"href":"https:\/\/inmoclinc.com\/en\/wp-json\/wp\/v2\/pages\/16487\/revisions\/17392"}],"wp:attachment":[{"href":"https:\/\/inmoclinc.com\/en\/wp-json\/wp\/v2\/media?parent=16487"}],"curies":[{"name":"wp","href":"https:\/\/api.w.org\/{rel}","templated":true}]}}