{"id":16094,"date":"2022-05-30T20:58:59","date_gmt":"2022-05-30T18:58:59","guid":{"rendered":"https:\/\/inmoclinc.com\/?page_id=16094"},"modified":"2022-10-31T19:08:15","modified_gmt":"2022-10-31T18:08:15","slug":"nosotros","status":"publish","type":"page","link":"https:\/\/inmoclinc.com\/en\/nosotros\/","title":{"rendered":"Inmoclinc"},"content":{"rendered":"\t\t<div data-elementor-type=\"wp-page\" data-elementor-id=\"16094\" class=\"elementor elementor-16094\" data-elementor-post-type=\"page\">\n\t\t\t\t\t\t<section class=\"elementor-section elementor-top-section elementor-element elementor-element-5172bb53 elementor-reverse-tablet elementor-section-boxed elementor-section-height-default elementor-section-height-default\" data-id=\"5172bb53\" data-element_type=\"section\" data-e-type=\"section\" data-settings=\"{&quot;background_background&quot;:&quot;classic&quot;}\">\n\t\t\t\t\t\t<div class=\"elementor-container elementor-column-gap-default\">\n\t\t\t\t\t<div class=\"elementor-column elementor-col-50 elementor-top-column elementor-element elementor-element-447aa65\" data-id=\"447aa65\" data-element_type=\"column\" data-e-type=\"column\">\n\t\t\t<div class=\"elementor-widget-wrap elementor-element-populated\">\n\t\t\t\t\t\t<div class=\"elementor-element elementor-element-35a04b7 elementor-widget elementor-widget-image\" data-id=\"35a04b7\" data-element_type=\"widget\" data-e-type=\"widget\" data-widget_type=\"image.default\">\n\t\t\t\t<div class=\"elementor-widget-container\">\n\t\t\t\t\t\t\t\t\t\t\t\t\t\t\t<img fetchpriority=\"high\" decoding=\"async\" width=\"294\" height=\"450\" src=\"https:\/\/inmoclinc.com\/wp-content\/uploads\/fachada-INMOCLINC2022-294x450.png\" class=\"attachment-medium size-medium wp-image-16307\" alt=\"\" srcset=\"https:\/\/inmoclinc.com\/wp-content\/uploads\/fachada-INMOCLINC2022-294x450.png 294w, https:\/\/inmoclinc.com\/wp-content\/uploads\/fachada-INMOCLINC2022.png 591w\" sizes=\"(max-width: 294px) 100vw, 294px\" \/>\t\t\t\t\t\t\t\t\t\t\t\t\t\t\t<\/div>\n\t\t\t\t<\/div>\n\t\t\t\t\t<\/div>\n\t\t<\/div>\n\t\t\t\t<div class=\"elementor-column elementor-col-50 elementor-top-column elementor-element elementor-element-1e2949d2\" data-id=\"1e2949d2\" data-element_type=\"column\" data-e-type=\"column\" data-settings=\"{&quot;background_background&quot;:&quot;classic&quot;}\">\n\t\t\t<div class=\"elementor-widget-wrap elementor-element-populated\">\n\t\t\t\t\t<div class=\"elementor-background-overlay\"><\/div>\n\t\t\t\t\t\t<div class=\"elementor-element elementor-element-3d5db7dd elementor-invisible elementor-widget elementor-widget-heading\" data-id=\"3d5db7dd\" data-element_type=\"widget\" data-e-type=\"widget\" data-settings=\"{&quot;_animation&quot;:&quot;fadeInUp&quot;,&quot;_animation_delay&quot;:200}\" data-widget_type=\"heading.default\">\n\t\t\t\t<div class=\"elementor-widget-container\">\n\t\t\t\t\t<h1 class=\"elementor-heading-title elementor-size-default\">Empresa<\/h1>\t\t\t\t<\/div>\n\t\t\t\t<\/div>\n\t\t\t\t<div class=\"elementor-element elementor-element-795f7970 elementor-invisible elementor-widget elementor-widget-text-editor\" data-id=\"795f7970\" data-element_type=\"widget\" data-e-type=\"widget\" data-settings=\"{&quot;_animation&quot;:&quot;fadeInUp&quot;,&quot;_animation_delay&quot;:400}\" data-widget_type=\"text-editor.default\">\n\t\t\t\t<div class=\"elementor-widget-container\">\n\t\t\t\t\t\t\t\t\t<p>INMOCLINC, fabricantes de mobiliario cl\u00ednico y equipamiento hospitalario.<br \/>La empresa inicio su actividad en el a\u00f1o 1994 con el compromiso de dise\u00f1ar y fabricar mobiliario cl\u00ednico de la mejor calidad y con la m\u00e1s moderna tecnolog\u00eda poni\u00e9ndolo a disposici\u00f3n de los profesionales m\u00e9dicos sanitarios.<br \/>Todos estos a\u00f1os nos han permitido posicionarnos s\u00f3lidamente en el competitivo y exigente mercado mundial del mobiliario cl\u00ednico.<br \/>En INMOCLINC contamos con un equipo t\u00e9cnico altamente cualificado y en constante formaci\u00f3n lo que hace posible realizar con total garant\u00eda todo tipo de trabajo dentro del mundo del mobiliario cl\u00ednico.<br \/>Somos una empresa que crece de forma sostenible y es reconocida por dar soluciones en referente al equipamiento hospitalario tanto en el mercado nacional como internacional llegando a exportar a m\u00e1s de 50 pa\u00edses.<\/p>\t\t\t\t\t\t\t\t<\/div>\n\t\t\t\t<\/div>\n\t\t\t\t\t<\/div>\n\t\t<\/div>\n\t\t\t\t\t<\/div>\n\t\t<\/section>\n\t\t\t\t<section class=\"elementor-section elementor-top-section elementor-element elementor-element-28678544 elementor-section-height-min-height elementor-section-items-top elementor-section-content-top elementor-section-boxed elementor-section-height-default\" data-id=\"28678544\" data-element_type=\"section\" data-e-type=\"section\" data-settings=\"{&quot;background_background&quot;:&quot;classic&quot;}\">\n\t\t\t\t\t\t<div class=\"elementor-container elementor-column-gap-default\">\n\t\t\t\t\t<div class=\"elementor-column elementor-col-50 elementor-top-column elementor-element elementor-element-3d5f0150\" data-id=\"3d5f0150\" data-element_type=\"column\" data-e-type=\"column\" data-settings=\"{&quot;background_background&quot;:&quot;classic&quot;}\">\n\t\t\t<div class=\"elementor-widget-wrap elementor-element-populated\">\n\t\t\t\t\t\t<div class=\"elementor-element elementor-element-230728b8 elementor-invisible elementor-widget elementor-widget-heading\" data-id=\"230728b8\" data-element_type=\"widget\" data-e-type=\"widget\" data-settings=\"{&quot;_animation&quot;:&quot;fadeIn&quot;}\" data-widget_type=\"heading.default\">\n\t\t\t\t<div class=\"elementor-widget-container\">\n\t\t\t\t\t<h2 class=\"elementor-heading-title elementor-size-default\">Calidad<\/h2>\t\t\t\t<\/div>\n\t\t\t\t<\/div>\n\t\t\t\t<div class=\"elementor-element elementor-element-33ec8bf3 elementor-invisible elementor-widget elementor-widget-text-editor\" data-id=\"33ec8bf3\" data-element_type=\"widget\" data-e-type=\"widget\" data-settings=\"{&quot;_animation&quot;:&quot;fadeInUp&quot;,&quot;_animation_delay&quot;:400}\" data-widget_type=\"text-editor.default\">\n\t\t\t\t<div class=\"elementor-widget-container\">\n\t\t\t\t\t\t\t\t\t<p>Los productos de INMOCLINC est\u00e1n fabricados con materiales de alta calidad que garantizan su durabilidad y funcionalidad.<\/p>\t\t\t\t\t\t\t\t<\/div>\n\t\t\t\t<\/div>\n\t\t\t\t\t<\/div>\n\t\t<\/div>\n\t\t\t\t<div class=\"elementor-column elementor-col-50 elementor-top-column elementor-element elementor-element-4561daa\" data-id=\"4561daa\" data-element_type=\"column\" data-e-type=\"column\" data-settings=\"{&quot;background_background&quot;:&quot;classic&quot;}\">\n\t\t\t<div class=\"elementor-widget-wrap elementor-element-populated\">\n\t\t\t\t\t\t<div class=\"elementor-element elementor-element-f678cdf elementor-widget elementor-widget-image\" data-id=\"f678cdf\" data-element_type=\"widget\" data-e-type=\"widget\" data-widget_type=\"image.default\">\n\t\t\t\t<div class=\"elementor-widget-container\">\n\t\t\t\t\t\t\t\t\t\t\t\t\t\t\t<img decoding=\"async\" width=\"768\" height=\"512\" src=\"https:\/\/inmoclinc.com\/wp-content\/uploads\/Calidad-WEB4-768x512.jpg\" class=\"attachment-medium_large size-medium_large wp-image-16185\" alt=\"\" srcset=\"https:\/\/inmoclinc.com\/wp-content\/uploads\/Calidad-WEB4-768x512.jpg 768w, https:\/\/inmoclinc.com\/wp-content\/uploads\/Calidad-WEB4-450x300.jpg 450w, https:\/\/inmoclinc.com\/wp-content\/uploads\/Calidad-WEB4-1620x1080.jpg 1620w, https:\/\/inmoclinc.com\/wp-content\/uploads\/Calidad-WEB4-1536x1024.jpg 1536w, https:\/\/inmoclinc.com\/wp-content\/uploads\/Calidad-WEB4-2048x1365.jpg 2048w\" sizes=\"(max-width: 768px) 100vw, 768px\" \/>\t\t\t\t\t\t\t\t\t\t\t\t\t\t\t<\/div>\n\t\t\t\t<\/div>\n\t\t\t\t\t<\/div>\n\t\t<\/div>\n\t\t\t\t\t<\/div>\n\t\t<\/section>\n\t\t\t\t<section class=\"elementor-section elementor-top-section elementor-element elementor-element-111be8dd elementor-section-height-min-height elementor-section-content-top elementor-section-boxed elementor-section-height-default elementor-section-items-middle\" data-id=\"111be8dd\" data-element_type=\"section\" data-e-type=\"section\">\n\t\t\t\t\t\t<div class=\"elementor-container elementor-column-gap-default\">\n\t\t\t\t\t<div class=\"elementor-column elementor-col-50 elementor-top-column elementor-element elementor-element-44ed460a\" data-id=\"44ed460a\" data-element_type=\"column\" data-e-type=\"column\" data-settings=\"{&quot;background_background&quot;:&quot;classic&quot;}\">\n\t\t\t<div class=\"elementor-widget-wrap elementor-element-populated\">\n\t\t\t\t\t\t<div class=\"elementor-element elementor-element-8655e0d elementor-widget elementor-widget-image\" data-id=\"8655e0d\" data-element_type=\"widget\" data-e-type=\"widget\" data-widget_type=\"image.default\">\n\t\t\t\t<div class=\"elementor-widget-container\">\n\t\t\t\t\t\t\t\t\t\t\t\t\t\t\t<img decoding=\"async\" width=\"800\" height=\"533\" src=\"https:\/\/inmoclinc.com\/wp-content\/uploads\/Imagen-Garantia-WEB4-1620x1080.jpg\" class=\"attachment-large size-large wp-image-16183\" alt=\"\" srcset=\"https:\/\/inmoclinc.com\/wp-content\/uploads\/Imagen-Garantia-WEB4-1620x1080.jpg 1620w, https:\/\/inmoclinc.com\/wp-content\/uploads\/Imagen-Garantia-WEB4-450x300.jpg 450w, https:\/\/inmoclinc.com\/wp-content\/uploads\/Imagen-Garantia-WEB4-768x512.jpg 768w, https:\/\/inmoclinc.com\/wp-content\/uploads\/Imagen-Garantia-WEB4-1536x1024.jpg 1536w, https:\/\/inmoclinc.com\/wp-content\/uploads\/Imagen-Garantia-WEB4-2048x1365.jpg 2048w\" sizes=\"(max-width: 800px) 100vw, 800px\" \/>\t\t\t\t\t\t\t\t\t\t\t\t\t\t\t<\/div>\n\t\t\t\t<\/div>\n\t\t\t\t\t<\/div>\n\t\t<\/div>\n\t\t\t\t<div class=\"elementor-column elementor-col-50 elementor-top-column elementor-element elementor-element-471d359\" data-id=\"471d359\" data-element_type=\"column\" data-e-type=\"column\" data-settings=\"{&quot;background_background&quot;:&quot;classic&quot;}\">\n\t\t\t<div class=\"elementor-widget-wrap elementor-element-populated\">\n\t\t\t\t\t\t<div class=\"elementor-element elementor-element-943c94a elementor-invisible elementor-widget elementor-widget-heading\" data-id=\"943c94a\" data-element_type=\"widget\" data-e-type=\"widget\" data-settings=\"{&quot;_animation&quot;:&quot;fadeIn&quot;}\" data-widget_type=\"heading.default\">\n\t\t\t\t<div class=\"elementor-widget-container\">\n\t\t\t\t\t<h2 class=\"elementor-heading-title elementor-size-default\">Garant\u00eda<\/h2>\t\t\t\t<\/div>\n\t\t\t\t<\/div>\n\t\t\t\t<div class=\"elementor-element elementor-element-963a6e8 elementor-invisible elementor-widget elementor-widget-text-editor\" data-id=\"963a6e8\" data-element_type=\"widget\" data-e-type=\"widget\" data-settings=\"{&quot;_animation&quot;:&quot;fadeInUp&quot;,&quot;_animation_delay&quot;:400}\" data-widget_type=\"text-editor.default\">\n\t\t\t\t<div class=\"elementor-widget-container\">\n\t\t\t\t\t\t\t\t\t<p>El periodo de garant\u00eda es de 3 a\u00f1os que tendr\u00e1 validez siempre y cuando la aver\u00eda o desperfecto no se haya producido como consecuencia del transporte o montaje del producto, manipulaciones o reparaciones por parte del comprador o cualquier tercero.<\/p>\t\t\t\t\t\t\t\t<\/div>\n\t\t\t\t<\/div>\n\t\t\t\t<div class=\"elementor-element elementor-element-b37fc36 elementor-mobile-align-center elementor-widget elementor-widget-button\" data-id=\"b37fc36\" data-element_type=\"widget\" data-e-type=\"widget\" data-widget_type=\"button.default\">\n\t\t\t\t<div class=\"elementor-widget-container\">\n\t\t\t\t\t\t\t\t\t<div class=\"elementor-button-wrapper\">\n\t\t\t\t\t<a class=\"elementor-button elementor-button-link elementor-size-sm\" href=\"https:\/\/inmoclinc.com\/wp-content\/uploads\/Garantia-INMOCLINC-S.L.U..pdf\" target=\"_blank\">\n\t\t\t\t\t\t<span class=\"elementor-button-content-wrapper\">\n\t\t\t\t\t\t\t\t\t<span class=\"elementor-button-text\">Carta Garant\u00eda<\/span>\n\t\t\t\t\t<\/span>\n\t\t\t\t\t<\/a>\n\t\t\t\t<\/div>\n\t\t\t\t\t\t\t\t<\/div>\n\t\t\t\t<\/div>\n\t\t\t\t\t<\/div>\n\t\t<\/div>\n\t\t\t\t\t<\/div>\n\t\t<\/section>\n\t\t\t\t<section class=\"elementor-section elementor-top-section elementor-element elementor-element-28b97c95 elementor-section-height-min-height elementor-section-items-stretch elementor-section-content-bottom elementor-section-boxed elementor-section-height-default\" data-id=\"28b97c95\" data-element_type=\"section\" data-e-type=\"section\" data-settings=\"{&quot;background_background&quot;:&quot;classic&quot;}\">\n\t\t\t\t\t\t<div class=\"elementor-container elementor-column-gap-default\">\n\t\t\t\t\t<div class=\"elementor-column elementor-col-50 elementor-top-column elementor-element elementor-element-69f5c1e\" data-id=\"69f5c1e\" data-element_type=\"column\" data-e-type=\"column\" data-settings=\"{&quot;background_background&quot;:&quot;classic&quot;}\">\n\t\t\t<div class=\"elementor-widget-wrap elementor-element-populated\">\n\t\t\t\t\t\t<div class=\"elementor-element elementor-element-2f4f0c4 elementor-widget__width-initial elementor-widget elementor-widget-image\" data-id=\"2f4f0c4\" data-element_type=\"widget\" data-e-type=\"widget\" data-widget_type=\"image.default\">\n\t\t\t\t<div class=\"elementor-widget-container\">\n\t\t\t\t\t\t\t\t\t\t\t\t\t\t\t<img loading=\"lazy\" decoding=\"async\" width=\"450\" height=\"300\" src=\"https:\/\/inmoclinc.com\/wp-content\/uploads\/Imagen-ISO-9001-WEB4-450x300.jpg\" class=\"attachment-medium size-medium wp-image-16181\" alt=\"\" srcset=\"https:\/\/inmoclinc.com\/wp-content\/uploads\/Imagen-ISO-9001-WEB4-450x300.jpg 450w, https:\/\/inmoclinc.com\/wp-content\/uploads\/Imagen-ISO-9001-WEB4-1620x1080.jpg 1620w, https:\/\/inmoclinc.com\/wp-content\/uploads\/Imagen-ISO-9001-WEB4-768x512.jpg 768w, https:\/\/inmoclinc.com\/wp-content\/uploads\/Imagen-ISO-9001-WEB4-1536x1024.jpg 1536w, https:\/\/inmoclinc.com\/wp-content\/uploads\/Imagen-ISO-9001-WEB4-2048x1365.jpg 2048w\" sizes=\"(max-width: 450px) 100vw, 450px\" \/>\t\t\t\t\t\t\t\t\t\t\t\t\t\t\t<\/div>\n\t\t\t\t<\/div>\n\t\t\t\t\t<\/div>\n\t\t<\/div>\n\t\t\t\t<div class=\"elementor-column elementor-col-50 elementor-top-column elementor-element elementor-element-3473f288\" data-id=\"3473f288\" data-element_type=\"column\" data-e-type=\"column\" data-settings=\"{&quot;background_background&quot;:&quot;classic&quot;}\">\n\t\t\t<div class=\"elementor-widget-wrap elementor-element-populated\">\n\t\t\t\t\t\t<div class=\"elementor-element elementor-element-4cfc28c elementor-invisible elementor-widget elementor-widget-image-box\" data-id=\"4cfc28c\" data-element_type=\"widget\" data-e-type=\"widget\" data-settings=\"{&quot;_animation&quot;:&quot;fadeIn&quot;,&quot;_animation_delay&quot;:400}\" data-widget_type=\"image-box.default\">\n\t\t\t\t<div class=\"elementor-widget-container\">\n\t\t\t\t\t<div class=\"elementor-image-box-wrapper\"><div class=\"elementor-image-box-content\"><h3 class=\"elementor-image-box-title\">Normativas<br>y seguridad<\/h3><p class=\"elementor-image-box-description\">En INMOCLINC cumplimos con la obligaci\u00f3n de garantizar la calidad de nuestros productos. Es por ello por lo que tenemos implantado la normativa ISO 9001:2015 y 13485:2016 que garantiza a nuestros clientes que todos nuestros productos cumplen con un est\u00e1ndar de calidad reconocido internacionalmente y todos los requisitos legales al uso previsto de cada uno de los productos sanitarios. \n<br>\nDe esta forma queremos otorgar seguridad a los profesionales y pacientes en cl\u00ednicas, hospitales y otros entornos m\u00e9dicos.<\/p><\/div><\/div>\t\t\t\t<\/div>\n\t\t\t\t<\/div>\n\t\t\t\t<div class=\"elementor-element elementor-element-6bcee2e elementor-mobile-align-center elementor-align-left elementor-widget elementor-widget-button\" data-id=\"6bcee2e\" data-element_type=\"widget\" data-e-type=\"widget\" data-widget_type=\"button.default\">\n\t\t\t\t<div class=\"elementor-widget-container\">\n\t\t\t\t\t\t\t\t\t<div class=\"elementor-button-wrapper\">\n\t\t\t\t\t<a class=\"elementor-button elementor-button-link elementor-size-sm\" href=\"https:\/\/inmoclinc.com\/wp-content\/uploads\/CERTIFICADOS-INMOCLINC.pdf\" target=\"_blank\">\n\t\t\t\t\t\t<span class=\"elementor-button-content-wrapper\">\n\t\t\t\t\t\t\t\t\t<span class=\"elementor-button-text\">Certificados ISO<\/span>\n\t\t\t\t\t<\/span>\n\t\t\t\t\t<\/a>\n\t\t\t\t<\/div>\n\t\t\t\t\t\t\t\t<\/div>\n\t\t\t\t<\/div>\n\t\t\t\t\t<\/div>\n\t\t<\/div>\n\t\t\t\t\t<\/div>\n\t\t<\/section>\n\t\t\t\t<section class=\"elementor-section elementor-top-section elementor-element elementor-element-0be3038 elementor-section-height-min-height elementor-section-items-top elementor-section-content-top elementor-section-boxed elementor-section-height-default\" data-id=\"0be3038\" data-element_type=\"section\" data-e-type=\"section\">\n\t\t\t\t\t\t<div class=\"elementor-container elementor-column-gap-no\">\n\t\t\t\t\t<div class=\"elementor-column elementor-col-50 elementor-top-column elementor-element elementor-element-30162e3\" data-id=\"30162e3\" data-element_type=\"column\" data-e-type=\"column\" data-settings=\"{&quot;background_background&quot;:&quot;classic&quot;}\">\n\t\t\t<div class=\"elementor-widget-wrap elementor-element-populated\">\n\t\t\t\t\t\t<div class=\"elementor-element elementor-element-6a3d508 elementor-widget elementor-widget-image\" data-id=\"6a3d508\" data-element_type=\"widget\" data-e-type=\"widget\" data-widget_type=\"image.default\">\n\t\t\t\t<div class=\"elementor-widget-container\">\n\t\t\t\t\t\t\t\t\t\t\t\t\t\t\t<img loading=\"lazy\" decoding=\"async\" width=\"700\" height=\"552\" src=\"https:\/\/inmoclinc.com\/wp-content\/uploads\/Tecnologia-OK.jpg\" class=\"attachment-medium_large size-medium_large wp-image-16407\" alt=\"\" srcset=\"https:\/\/inmoclinc.com\/wp-content\/uploads\/Tecnologia-OK.jpg 700w, https:\/\/inmoclinc.com\/wp-content\/uploads\/Tecnologia-OK-450x355.jpg 450w\" sizes=\"(max-width: 700px) 100vw, 700px\" \/>\t\t\t\t\t\t\t\t\t\t\t\t\t\t\t<\/div>\n\t\t\t\t<\/div>\n\t\t\t\t\t<\/div>\n\t\t<\/div>\n\t\t\t\t<div class=\"elementor-column elementor-col-50 elementor-top-column elementor-element elementor-element-cc1629e\" data-id=\"cc1629e\" data-element_type=\"column\" data-e-type=\"column\" data-settings=\"{&quot;background_background&quot;:&quot;classic&quot;}\">\n\t\t\t<div class=\"elementor-widget-wrap elementor-element-populated\">\n\t\t\t\t\t\t<div class=\"elementor-element elementor-element-69aaa12 elementor-invisible elementor-widget elementor-widget-heading\" data-id=\"69aaa12\" data-element_type=\"widget\" data-e-type=\"widget\" data-settings=\"{&quot;_animation&quot;:&quot;fadeIn&quot;}\" data-widget_type=\"heading.default\">\n\t\t\t\t<div class=\"elementor-widget-container\">\n\t\t\t\t\t<h2 class=\"elementor-heading-title elementor-size-default\">Evoluci\u00f3n y futuro<\/h2>\t\t\t\t<\/div>\n\t\t\t\t<\/div>\n\t\t\t\t<div class=\"elementor-element elementor-element-11d90f6 elementor-invisible elementor-widget elementor-widget-text-editor\" data-id=\"11d90f6\" data-element_type=\"widget\" data-e-type=\"widget\" data-settings=\"{&quot;_animation&quot;:&quot;fadeInUp&quot;,&quot;_animation_delay&quot;:400}\" data-widget_type=\"text-editor.default\">\n\t\t\t\t<div class=\"elementor-widget-container\">\n\t\t\t\t\t\t\t\t\t<p>En la historia reciente de INMOCLINC destacan dos hechos relevantes: un continuado crecimiento y un reconocido prestigio.<br \/>Estos conceptos, ya comentados en otras ocasiones, son criterios y logros que s\u00f3lo pueden ser sostenibles en el tiempo con unos s\u00f3lidos principios de organizaci\u00f3n, donde los procesos de fabricaci\u00f3n y el concepto de servicio, son la base sobre la cual se sostiene todo el organigrama de la Empresa.<br \/>Una planificaci\u00f3n fiel, a criterios de servicio al cliente, nos permite alcanzar altas metas en el n\u00famero de equipos previsibles, fabricados en serie, de nuestro extenso cat\u00e1logo de productos.<\/p>\t\t\t\t\t\t\t\t<\/div>\n\t\t\t\t<\/div>\n\t\t\t\t\t<\/div>\n\t\t<\/div>\n\t\t\t\t\t<\/div>\n\t\t<\/section>\n\t\t\t\t<section class=\"elementor-section elementor-top-section elementor-element elementor-element-f5c9960 elementor-section-boxed elementor-section-height-default elementor-section-height-default\" data-id=\"f5c9960\" data-element_type=\"section\" data-e-type=\"section\">\n\t\t\t\t\t\t<div class=\"elementor-container elementor-column-gap-default\">\n\t\t\t\t\t<div class=\"elementor-column elementor-col-50 elementor-top-column elementor-element elementor-element-6057ed5\" data-id=\"6057ed5\" data-element_type=\"column\" data-e-type=\"column\" data-settings=\"{&quot;background_background&quot;:&quot;classic&quot;}\">\n\t\t\t<div class=\"elementor-widget-wrap elementor-element-populated\">\n\t\t\t\t\t\t<div class=\"elementor-element elementor-element-6fdb63f elementor-invisible elementor-widget elementor-widget-heading\" data-id=\"6fdb63f\" data-element_type=\"widget\" data-e-type=\"widget\" data-settings=\"{&quot;_animation&quot;:&quot;fadeIn&quot;}\" data-widget_type=\"heading.default\">\n\t\t\t\t<div class=\"elementor-widget-container\">\n\t\t\t\t\t<h1 class=\"elementor-heading-title elementor-size-default\">D\u00f3nde estamos<\/h1>\t\t\t\t<\/div>\n\t\t\t\t<\/div>\n\t\t\t\t<div class=\"elementor-element elementor-element-3ba0866 elementor-invisible elementor-widget elementor-widget-text-editor\" data-id=\"3ba0866\" data-element_type=\"widget\" data-e-type=\"widget\" data-settings=\"{&quot;_animation&quot;:&quot;fadeInUp&quot;,&quot;_animation_delay&quot;:400}\" data-widget_type=\"text-editor.default\">\n\t\t\t\t<div class=\"elementor-widget-container\">\n\t\t\t\t\t\t\t\t\t<p><strong>INMOCLINC S.L.U<br \/><\/strong>C\/ Serrania de Cuenca, 10 &#8211; Pol.Ind El Olivar<br \/>28500 Arganda del Rey (Madrid). Spain<br \/>Telf.: (+34) 91.872.9616 &#8211; Fax. (+34) 91.872.0040<br \/>E-mail: info@inmoclinc.com<br \/>www.inmoclinc.com<\/p>\t\t\t\t\t\t\t\t<\/div>\n\t\t\t\t<\/div>\n\t\t\t\t\t<\/div>\n\t\t<\/div>\n\t\t\t\t<div class=\"elementor-column elementor-col-50 elementor-top-column elementor-element elementor-element-b18fe4f\" data-id=\"b18fe4f\" data-element_type=\"column\" data-e-type=\"column\">\n\t\t\t<div class=\"elementor-widget-wrap elementor-element-populated\">\n\t\t\t\t\t\t<div class=\"elementor-element elementor-element-98f91e3 elementor-widget elementor-widget-google_maps\" data-id=\"98f91e3\" data-element_type=\"widget\" data-e-type=\"widget\" data-widget_type=\"google_maps.default\">\n\t\t\t\t<div class=\"elementor-widget-container\">\n\t\t\t\t\t\t\t<div class=\"elementor-custom-embed\">\n\t\t\t<iframe loading=\"lazy\"\n\t\t\t\t\tsrc=\"https:\/\/maps.google.com\/maps?q=C%2F%20Serrania%20de%20Cuenca%2010%20Pol.Ind%20El%20Olivar%2028500%20Arganda%20del%20Rey%20%28Madrid%29%20Spain&#038;t=m&#038;z=10&#038;output=embed&#038;iwloc=near\"\n\t\t\t\t\ttitle=\"C\/ Serrania de Cuenca 10 Pol.Ind El Olivar 28500 Arganda del Rey (Madrid) Spain\"\n\t\t\t\t\taria-label=\"C\/ Serrania de Cuenca 10 Pol.Ind El Olivar 28500 Arganda del Rey (Madrid) Spain\"\n\t\t\t><\/iframe>\n\t\t<\/div>\n\t\t\t\t\t\t<\/div>\n\t\t\t\t<\/div>\n\t\t\t\t\t<\/div>\n\t\t<\/div>\n\t\t\t\t\t<\/div>\n\t\t<\/section>\n\t\t\t\t<\/div>\n\t\t","protected":false},"excerpt":{"rendered":"<p>Empresa INMOCLINC, fabricantes de mobiliario cl\u00ednico y equipamiento hospitalario.La empresa inicio su actividad en el a\u00f1o 1994 con el compromiso de dise\u00f1ar y fabricar mobiliario cl\u00ednico de la mejor calidad y con la m\u00e1s moderna tecnolog\u00eda poni\u00e9ndolo a disposici\u00f3n de los profesionales m\u00e9dicos sanitarios.Todos estos a\u00f1os nos han permitido posicionarnos s\u00f3lidamente en el competitivo y [&hellip;]<\/p>\n","protected":false},"author":1,"featured_media":0,"parent":0,"menu_order":0,"comment_status":"closed","ping_status":"closed","template":"elementor_header_footer","meta":{"footnotes":""},"class_list":["post-16094","page","type-page","status-publish","hentry"],"_links":{"self":[{"href":"https:\/\/inmoclinc.com\/en\/wp-json\/wp\/v2\/pages\/16094","targetHints":{"allow":["GET"]}}],"collection":[{"href":"https:\/\/inmoclinc.com\/en\/wp-json\/wp\/v2\/pages"}],"about":[{"href":"https:\/\/inmoclinc.com\/en\/wp-json\/wp\/v2\/types\/page"}],"author":[{"embeddable":true,"href":"https:\/\/inmoclinc.com\/en\/wp-json\/wp\/v2\/users\/1"}],"replies":[{"embeddable":true,"href":"https:\/\/inmoclinc.com\/en\/wp-json\/wp\/v2\/comments?post=16094"}],"version-history":[{"count":209,"href":"https:\/\/inmoclinc.com\/en\/wp-json\/wp\/v2\/pages\/16094\/revisions"}],"predecessor-version":[{"id":17213,"href":"https:\/\/inmoclinc.com\/en\/wp-json\/wp\/v2\/pages\/16094\/revisions\/17213"}],"wp:attachment":[{"href":"https:\/\/inmoclinc.com\/en\/wp-json\/wp\/v2\/media?parent=16094"}],"curies":[{"name":"wp","href":"https:\/\/api.w.org\/{rel}","templated":true}]}}